{"id":15,"date":"2018-01-22T18:45:42","date_gmt":"2018-01-22T18:45:42","guid":{"rendered":"https:\/\/www.it-baier.de\/?page_id=15"},"modified":"2019-10-25T20:00:05","modified_gmt":"2019-10-25T18:00:05","slug":"baier-it-services","status":"publish","type":"page","link":"https:\/\/www.it-baier.de\/","title":{"rendered":"Baier IT Services"},"content":{"rendered":"\n<figure class=\"wp-block-image\"><img loading=\"lazy\" decoding=\"async\" width=\"1024\" height=\"683\" src=\"https:\/\/www.it-baier.de\/wp-content\/uploads\/2019\/10\/grafik-1024x683.jpg\" alt=\"\" class=\"wp-image-95\" srcset=\"https:\/\/www.it-baier.de\/wp-content\/uploads\/2019\/10\/grafik-1024x683.jpg 1024w, https:\/\/www.it-baier.de\/wp-content\/uploads\/2019\/10\/grafik-300x200.jpg 300w, https:\/\/www.it-baier.de\/wp-content\/uploads\/2019\/10\/grafik-768x512.jpg 768w\" sizes=\"auto, (max-width: 706px) 89vw, (max-width: 767px) 82vw, 740px\" \/><\/figure>\n\n\n<p><strong>Daniel Baier<\/strong><\/p>\n<p>Als freiberuflicher IT-Berater unterst\u00fctze ich seit dem Jahr 2006 viele Firmen bei allerlei technischen Problemen. Mein Motto ist: F\u00fcr alles gibt es L\u00f6sungen!<\/p>\n<p>Als ausgebildeter IT-Systemelektroniker verf\u00fcge ich \u00fcber den n\u00f6tigen praktischen Background und das Wissen \u00fcber Hardwarezusammenh\u00e4nge, als Diplom-Ingenieur (FH) f\u00fcr Medieninformatik \u00fcber den theoretischen Teil und die wissenschaftliche Vorgehensweise im IT-Umfeld.<\/p>\n<p>Beides hilft in der heutigen IT-Welt zwar, das Spannende jedoch ist die st\u00e4ndige Ver\u00e4nderung, der man mit Neugier und Experimentierfreudigkeit begegnen sollte.<\/p>","protected":false},"excerpt":{"rendered":"<p>Daniel Baier Als freiberuflicher IT-Berater unterst\u00fctze ich seit dem Jahr 2006 viele Firmen bei allerlei technischen Problemen. Mein Motto ist: F\u00fcr alles gibt es L\u00f6sungen! Als ausgebildeter IT-Systemelektroniker verf\u00fcge ich \u00fcber den n\u00f6tigen praktischen Background und das Wissen \u00fcber Hardwarezusammenh\u00e4nge, als Diplom-Ingenieur (FH) f\u00fcr Medieninformatik \u00fcber den theoretischen Teil und die wissenschaftliche Vorgehensweise im IT-Umfeld. &hellip; <\/p>\n<p class=\"link-more\"><a href=\"https:\/\/www.it-baier.de\/\" class=\"more-link\"><span class=\"screen-reader-text\">\u201eBaier IT Services\u201c <\/span>weiterlesen<\/a><\/p>\n","protected":false},"author":1,"featured_media":0,"parent":0,"menu_order":0,"comment_status":"closed","ping_status":"closed","template":"","meta":{"footnotes":""},"class_list":["post-15","page","type-page","status-publish","hentry"],"_links":{"self":[{"href":"https:\/\/www.it-baier.de\/index.php?rest_route=\/wp\/v2\/pages\/15","targetHints":{"allow":["GET"]}}],"collection":[{"href":"https:\/\/www.it-baier.de\/index.php?rest_route=\/wp\/v2\/pages"}],"about":[{"href":"https:\/\/www.it-baier.de\/index.php?rest_route=\/wp\/v2\/types\/page"}],"author":[{"embeddable":true,"href":"https:\/\/www.it-baier.de\/index.php?rest_route=\/wp\/v2\/users\/1"}],"replies":[{"embeddable":true,"href":"https:\/\/www.it-baier.de\/index.php?rest_route=%2Fwp%2Fv2%2Fcomments&post=15"}],"version-history":[{"count":9,"href":"https:\/\/www.it-baier.de\/index.php?rest_route=\/wp\/v2\/pages\/15\/revisions"}],"predecessor-version":[{"id":99,"href":"https:\/\/www.it-baier.de\/index.php?rest_route=\/wp\/v2\/pages\/15\/revisions\/99"}],"wp:attachment":[{"href":"https:\/\/www.it-baier.de\/index.php?rest_route=%2Fwp%2Fv2%2Fmedia&parent=15"}],"curies":[{"name":"wp","href":"https:\/\/api.w.org\/{rel}","templated":true}]}}